{"id":408,"date":"2022-05-23T10:42:43","date_gmt":"2022-05-23T08:42:43","guid":{"rendered":"https:\/\/qsecurities.com\/pl\/?page_id=408"},"modified":"2025-09-17T15:44:12","modified_gmt":"2025-09-17T13:44:12","slug":"newsy","status":"publish","type":"page","link":"https:\/\/qsecurities.com\/pl\/newsy\/","title":{"rendered":"Newsy"},"content":{"rendered":"<p>[et_pb_section fb_built=&#8221;1&#8243; disabled_on=&#8221;off|off|off&#8221; admin_label=&#8221;.section-news&#8221; module_class=&#8221;section-news&#8221; _builder_version=&#8221;4.14.9&#8243; _module_preset=&#8221;default&#8221; background_color=&#8221;#f9f9f9&#8243; custom_margin=&#8221;0px||0px||false|false&#8221; custom_padding=&#8221;0px||0px||false|false&#8221; collapsed=&#8221;off&#8221; global_colors_info=&#8221;{}&#8221;][et_pb_row admin_label=&#8221;.section-news_head&#8221; module_class=&#8221;section-news_head&#8221; _builder_version=&#8221;4.14.9&#8243; _module_preset=&#8221;default&#8221; background_image=&#8221;https:\/\/qsecurities.com\/pl\/wp-content\/uploads\/sites\/2\/2022\/05\/circle_purple_fill.svg&#8221; background_size=&#8221;contain&#8221; custom_margin=&#8221;0px||0px||false|false&#8221; custom_padding=&#8221;0px||0px||false|false&#8221; collapsed=&#8221;off&#8221; global_colors_info=&#8221;{}&#8221;][et_pb_column type=&#8221;4_4&#8243; module_class=&#8221;section-news_head-col&#8221; _builder_version=&#8221;4.14.9&#8243; _module_preset=&#8221;default&#8221; background_image=&#8221;https:\/\/qsecurities.com\/pl\/wp-content\/uploads\/sites\/2\/2022\/05\/circle_purple-1.svg&#8221; background_size=&#8221;contain&#8221; background_position=&#8221;top_center&#8221; global_colors_info=&#8221;{}&#8221;][et_pb_image src=&#8221;https:\/\/qsecurities.com\/pl\/wp-content\/uploads\/sites\/2\/2022\/05\/elm_top_listing_v1-1.png&#8221; title_text=&#8221;elm_top_listing_v1&#8243; align=&#8221;center&#8221; disabled_on=&#8221;off|off|off&#8221; _builder_version=&#8221;4.14.9&#8243; _module_preset=&#8221;default&#8221; max_height=&#8221;40vh&#8221; custom_margin=&#8221;|||5%|false|false&#8221; hover_enabled=&#8221;0&#8243; global_colors_info=&#8221;{}&#8221; alt=&#8221;Obrazek dekoracyjny Q&nbsp;Securities Aktualno\u015bci&#8221; sticky_enabled=&#8221;0&#8243;][\/et_pb_image][\/et_pb_column][\/et_pb_row][et_pb_row disabled_on=&#8221;off|off|off&#8221; admin_label=&#8221;.section-news_title&#8221; module_class=&#8221;section-news_title&#8221; _builder_version=&#8221;4.14.9&#8243; _module_preset=&#8221;default&#8221; collapsed=&#8221;off&#8221; global_colors_info=&#8221;{}&#8221;][et_pb_column type=&#8221;4_4&#8243; _builder_version=&#8221;4.14.9&#8243; _module_preset=&#8221;default&#8221; global_colors_info=&#8221;{}&#8221;][et_pb_post_title meta=&#8221;off&#8221; featured_image=&#8221;off&#8221; admin_label=&#8221;Tytu\u0142 strony NEWS&#8221; _builder_version=&#8221;4.14.9&#8243; _module_preset=&#8221;default&#8221; title_level=&#8221;h2&#8243; title_text_align=&#8221;center&#8221; global_colors_info=&#8221;{}&#8221;][\/et_pb_post_title][et_pb_text _builder_version=&#8221;4.14.9&#8243; _module_preset=&#8221;default&#8221; text_orientation=&#8221;center&#8221; global_colors_info=&#8221;{}&#8221;]<\/p>\n<p>Zainspiruj si\u0119 \u015bwie\u017cymi informacjami z&nbsp;bran\u017cy.<\/p>\n<p>[\/et_pb_text][\/et_pb_column][\/et_pb_row][\/et_pb_section][et_pb_section fb_built=&#8221;1&#8243; disabled_on=&#8221;off|off|off&#8221; admin_label=&#8221;.section-news&#8221; module_class=&#8221;section-news section-news-list &#8221; _builder_version=&#8221;4.14.9&#8243; _module_preset=&#8221;default&#8221; custom_padding=&#8221;15px||||false|false&#8221; collapsed=&#8221;off&#8221; global_colors_info=&#8221;{}&#8221;][et_pb_row disabled_on=&#8221;off|off|off&#8221; admin_label=&#8221;.section-news_blog&#8221; module_class=&#8221;section-news_blog&#8221; _builder_version=&#8221;4.14.9&#8243; _module_preset=&#8221;default&#8221; collapsed=&#8221;off&#8221; global_colors_info=&#8221;{}&#8221;][et_pb_column type=&#8221;4_4&#8243; _builder_version=&#8221;4.14.9&#8243; _module_preset=&#8221;default&#8221; global_colors_info=&#8221;{}&#8221;][et_pb_de_mach_filter_posts filter_update_type=&#8221;update_field&#8221; filter_location=&#8221;fullwidth&#8221; fullwidth_columns=&#8221;1&#8243; fullwidth_columns_tablet=&#8221;1&#8243; hide_reset=&#8221;on&#8221; disabled_on=&#8221;on|on|on&#8221; module_class=&#8221;section-news_blog-filter&#8221; _builder_version=&#8221;4.14.9&#8243; _module_preset=&#8221;default&#8221; button_alignment=&#8221;center&#8221; text_orientation=&#8221;center&#8221; module_alignment=&#8221;center&#8221; custom_margin=&#8221;0px|auto|0px|auto|false|false&#8221; disabled=&#8221;on&#8221; global_colors_info=&#8221;{}&#8221;][et_pb_de_mach_search_posts_item show_label=&#8221;off&#8221; acf_filter_width=&#8221;et_pb_column_1_4&#8243; field_id=&#8221;Field_1&#8243; select_placeholder=&#8221;All categories&#8221; _builder_version=&#8221;4.14.9&#8243; _module_preset=&#8221;default&#8221; custom_margin=&#8221;0px|auto|0px|auto|false|false&#8221; global_colors_info=&#8221;{}&#8221;][\/et_pb_de_mach_search_posts_item][\/et_pb_de_mach_filter_posts][et_pb_de_mach_archive_loop post_type_choose=&#8221;off|on|off|off|off|off|off&#8221; loop_layout=&#8221;722&#8243; posts_number=&#8221;6&#8243; order_asc_desc=&#8221;DESC&#8221; enable_loadmore=&#8221;on&#8221; loadmore_text=&#8221;Poka\u017c wi\u0119cej&#8221; loadmore_text_loading=&#8221;Wczytywanie&#8230;.&#8221; columns=&#8221;1&#8243; columns_tablet=&#8221;1&#8243; _builder_version=&#8221;4.14.9&#8243; _module_preset=&#8221;default&#8221; global_colors_info=&#8221;{}&#8221;][\/et_pb_de_mach_archive_loop][\/et_pb_column][\/et_pb_row][\/et_pb_section][et_pb_section fb_built=&#8221;1&#8243; fullwidth=&#8221;on&#8221; admin_label=&#8221;Maskowanie k\u00f3\u0142eczka&#8221; _builder_version=&#8221;4.14.9&#8243; _module_preset=&#8221;default&#8221; background_color=&#8221;gcid-3be7047a-0aee-449a-b963-d544fdcba153&#8243; height=&#8221;300px&#8221; global_colors_info=&#8221;{%22gcid-3be7047a-0aee-449a-b963-d544fdcba153%22:%91%22background_color%22%93}&#8221;][\/et_pb_section]<\/p>\n","protected":false},"excerpt":{"rendered":"<p>Zainspiruj si\u0119 \u015bwie\u017cymi informacjami z bran\u017cy.<\/p>\n","protected":false},"author":1,"featured_media":0,"parent":0,"menu_order":0,"comment_status":"closed","ping_status":"closed","template":"","meta":{"_et_pb_use_builder":"on","_et_pb_old_content":"","_et_gb_content_width":"","inline_featured_image":false},"acf":[],"yoast_head":"<!-- This site is optimized with the Yoast SEO plugin v19.4 - https:\/\/yoast.com\/wordpress\/plugins\/seo\/ -->\n<title>Newsy - QSecurities PL<\/title>\n<meta name=\"description\" content=\"\u015awie\u017ce informacje z rynku kapita\u0142owego, aktualno\u015bci QSecurities i wa\u017cne newsy bran\u017cowe. B\u0105d\u017a na bie\u017c\u0105co z wydarzeniami finansowymi.\" \/>\n<meta name=\"robots\" content=\"index, follow, max-snippet:-1, max-image-preview:large, max-video-preview:-1\" \/>\n<link rel=\"canonical\" href=\"https:\/\/qsecurities.com\/pl\/newsy\/\" \/>\n<meta property=\"og:locale\" content=\"pl_PL\" \/>\n<meta property=\"og:type\" content=\"article\" \/>\n<meta property=\"og:title\" content=\"Newsy - QSecurities PL\" \/>\n<meta property=\"og:description\" content=\"\u015awie\u017ce informacje z rynku kapita\u0142owego, aktualno\u015bci QSecurities i wa\u017cne newsy bran\u017cowe. B\u0105d\u017a na bie\u017c\u0105co z wydarzeniami finansowymi.\" \/>\n<meta property=\"og:site_name\" content=\"QSecurities PL\" \/>\n<meta property=\"article:modified_time\" content=\"2025-09-17T13:44:12+00:00\" \/>\n<meta name=\"twitter:card\" content=\"summary_large_image\" \/>\n<meta name=\"twitter:label1\" content=\"Szacowany czas czytania\" \/>\n\t<meta name=\"twitter:data1\" content=\"1 minuta\" \/>\n<script type=\"application\/ld+json\" class=\"yoast-schema-graph\">{\"@context\":\"https:\/\/schema.org\",\"@graph\":[{\"@type\":\"WebSite\",\"@id\":\"https:\/\/qsecurities.com\/pl\/#website\",\"url\":\"https:\/\/qsecurities.com\/pl\/\",\"name\":\"QSecurities PL\",\"description\":\"Q Securities to m\u0142oda i dynamicznie rozwijaj\u0105ca si\u0119 instytucja finansowa. Jeste\u015bmy domem maklerskim, kt\u00f3rego kadra posiada wieloletnie do\u015bwiadczenie we wsp\u00f3\u0142pracy z polskimi i zagranicznymi instytucjami rynku kapita\u0142owego.\",\"potentialAction\":[{\"@type\":\"SearchAction\",\"target\":{\"@type\":\"EntryPoint\",\"urlTemplate\":\"https:\/\/qsecurities.com\/pl\/?s={search_term_string}\"},\"query-input\":\"required name=search_term_string\"}],\"inLanguage\":\"pl-PL\"},{\"@type\":\"WebPage\",\"@id\":\"https:\/\/qsecurities.com\/pl\/newsy\/\",\"url\":\"https:\/\/qsecurities.com\/pl\/newsy\/\",\"name\":\"Newsy - QSecurities PL\",\"isPartOf\":{\"@id\":\"https:\/\/qsecurities.com\/pl\/#website\"},\"datePublished\":\"2022-05-23T08:42:43+00:00\",\"dateModified\":\"2025-09-17T13:44:12+00:00\",\"description\":\"\u015awie\u017ce informacje z rynku kapita\u0142owego, aktualno\u015bci QSecurities i wa\u017cne newsy bran\u017cowe. B\u0105d\u017a na bie\u017c\u0105co z wydarzeniami finansowymi.\",\"breadcrumb\":{\"@id\":\"https:\/\/qsecurities.com\/pl\/newsy\/#breadcrumb\"},\"inLanguage\":\"pl-PL\",\"potentialAction\":[{\"@type\":\"ReadAction\",\"target\":[\"https:\/\/qsecurities.com\/pl\/newsy\/\"]}]},{\"@type\":\"BreadcrumbList\",\"@id\":\"https:\/\/qsecurities.com\/pl\/newsy\/#breadcrumb\",\"itemListElement\":[{\"@type\":\"ListItem\",\"position\":1,\"name\":\"Home\",\"item\":\"https:\/\/qsecurities.com\/pl\/\"},{\"@type\":\"ListItem\",\"position\":2,\"name\":\"Newsy\"}]}]}<\/script>\n<!-- \/ Yoast SEO plugin. -->","yoast_head_json":{"title":"Newsy - QSecurities PL","description":"\u015awie\u017ce informacje z rynku kapita\u0142owego, aktualno\u015bci QSecurities i wa\u017cne newsy bran\u017cowe. B\u0105d\u017a na bie\u017c\u0105co z wydarzeniami finansowymi.","robots":{"index":"index","follow":"follow","max-snippet":"max-snippet:-1","max-image-preview":"max-image-preview:large","max-video-preview":"max-video-preview:-1"},"canonical":"https:\/\/qsecurities.com\/pl\/newsy\/","og_locale":"pl_PL","og_type":"article","og_title":"Newsy - QSecurities PL","og_description":"\u015awie\u017ce informacje z rynku kapita\u0142owego, aktualno\u015bci QSecurities i wa\u017cne newsy bran\u017cowe. B\u0105d\u017a na bie\u017c\u0105co z wydarzeniami finansowymi.","og_site_name":"QSecurities PL","article_modified_time":"2025-09-17T13:44:12+00:00","twitter_card":"summary_large_image","twitter_misc":{"Szacowany czas czytania":"1 minuta"},"schema":{"@context":"https:\/\/schema.org","@graph":[{"@type":"WebSite","@id":"https:\/\/qsecurities.com\/pl\/#website","url":"https:\/\/qsecurities.com\/pl\/","name":"QSecurities PL","description":"Q Securities to m\u0142oda i dynamicznie rozwijaj\u0105ca si\u0119 instytucja finansowa. Jeste\u015bmy domem maklerskim, kt\u00f3rego kadra posiada wieloletnie do\u015bwiadczenie we wsp\u00f3\u0142pracy z polskimi i zagranicznymi instytucjami rynku kapita\u0142owego.","potentialAction":[{"@type":"SearchAction","target":{"@type":"EntryPoint","urlTemplate":"https:\/\/qsecurities.com\/pl\/?s={search_term_string}"},"query-input":"required name=search_term_string"}],"inLanguage":"pl-PL"},{"@type":"WebPage","@id":"https:\/\/qsecurities.com\/pl\/newsy\/","url":"https:\/\/qsecurities.com\/pl\/newsy\/","name":"Newsy - QSecurities PL","isPartOf":{"@id":"https:\/\/qsecurities.com\/pl\/#website"},"datePublished":"2022-05-23T08:42:43+00:00","dateModified":"2025-09-17T13:44:12+00:00","description":"\u015awie\u017ce informacje z rynku kapita\u0142owego, aktualno\u015bci QSecurities i wa\u017cne newsy bran\u017cowe. B\u0105d\u017a na bie\u017c\u0105co z wydarzeniami finansowymi.","breadcrumb":{"@id":"https:\/\/qsecurities.com\/pl\/newsy\/#breadcrumb"},"inLanguage":"pl-PL","potentialAction":[{"@type":"ReadAction","target":["https:\/\/qsecurities.com\/pl\/newsy\/"]}]},{"@type":"BreadcrumbList","@id":"https:\/\/qsecurities.com\/pl\/newsy\/#breadcrumb","itemListElement":[{"@type":"ListItem","position":1,"name":"Home","item":"https:\/\/qsecurities.com\/pl\/"},{"@type":"ListItem","position":2,"name":"Newsy"}]}]}},"_links":{"self":[{"href":"https:\/\/qsecurities.com\/pl\/wp-json\/wp\/v2\/pages\/408"}],"collection":[{"href":"https:\/\/qsecurities.com\/pl\/wp-json\/wp\/v2\/pages"}],"about":[{"href":"https:\/\/qsecurities.com\/pl\/wp-json\/wp\/v2\/types\/page"}],"author":[{"embeddable":true,"href":"https:\/\/qsecurities.com\/pl\/wp-json\/wp\/v2\/users\/1"}],"replies":[{"embeddable":true,"href":"https:\/\/qsecurities.com\/pl\/wp-json\/wp\/v2\/comments?post=408"}],"version-history":[{"count":227,"href":"https:\/\/qsecurities.com\/pl\/wp-json\/wp\/v2\/pages\/408\/revisions"}],"predecessor-version":[{"id":9759,"href":"https:\/\/qsecurities.com\/pl\/wp-json\/wp\/v2\/pages\/408\/revisions\/9759"}],"wp:attachment":[{"href":"https:\/\/qsecurities.com\/pl\/wp-json\/wp\/v2\/media?parent=408"}],"curies":[{"name":"wp","href":"https:\/\/api.w.org\/{rel}","templated":true}]}}