{"id":9247,"date":"2024-01-31T16:07:02","date_gmt":"2024-01-31T15:07:02","guid":{"rendered":"https:\/\/qsecurities.com\/pl\/?page_id=9247"},"modified":"2026-01-19T10:49:20","modified_gmt":"2026-01-19T09:49:20","slug":"autoryzowany-doradca-aso","status":"publish","type":"page","link":"https:\/\/qsecurities.com\/pl\/autoryzowany-doradca-aso\/","title":{"rendered":"Autoryzowany Doradca ASO"},"content":{"rendered":"<p>[et_pb_section fb_built=&#8221;1&#8243; disabled_on=&#8221;off|off|off&#8221; admin_label=&#8221;.section-service&#8221; module_class=&#8221;section-service&#8221; _builder_version=&#8221;4.14.9&#8243; _module_preset=&#8221;default&#8221; background_color=&#8221;#f9f9f9&#8243; custom_margin=&#8221;0px||0px||false|false&#8221; custom_padding=&#8221;0px||0px||false|false&#8221; collapsed=&#8221;off&#8221; global_colors_info=&#8221;{}&#8221;][et_pb_row admin_label=&#8221;.section-service__head&#8221; module_class=&#8221;section-service__head&#8221; _builder_version=&#8221;4.14.9&#8243; _module_preset=&#8221;default&#8221; background_image=&#8221;https:\/\/qsecurities.com\/pl\/wp-content\/uploads\/sites\/2\/2022\/05\/circle_purple_fill.svg&#8221; background_size=&#8221;contain&#8221; custom_margin=&#8221;0px||0px||false|false&#8221; custom_padding=&#8221;0px||0px||false|false&#8221; global_colors_info=&#8221;{}&#8221;][et_pb_column type=&#8221;4_4&#8243; module_class=&#8221;head__col&#8221; _builder_version=&#8221;4.14.9&#8243; _module_preset=&#8221;default&#8221; background_image=&#8221;https:\/\/qsecurities.com\/pl\/wp-content\/uploads\/sites\/2\/2022\/05\/circle_purple-1.svg&#8221; background_size=&#8221;contain&#8221; background_position=&#8221;top_center&#8221; global_colors_info=&#8221;{}&#8221;][et_pb_image src=&#8221;https:\/\/qsecurities.com\/pl\/wp-content\/uploads\/sites\/2\/2024\/02\/foto_doradca_v2.png&#8221; alt=&#8221;Obrazek dekoracyjny Q&nbsp;Securities Autoryzowany Doradca ASO&#8221; title_text=&#8221;foto_doradca_v2&#8243; align=&#8221;center&#8221; disabled_on=&#8221;off|off|off&#8221; _builder_version=&#8221;4.14.9&#8243; _module_preset=&#8221;default&#8221; custom_margin=&#8221;|||5%|false|false&#8221; global_colors_info=&#8221;{}&#8221;][\/et_pb_image][\/et_pb_column][\/et_pb_row][et_pb_row disabled_on=&#8221;off|off|off&#8221; admin_label=&#8221;.section-service__title&#8221; module_class=&#8221;section-service__title&#8221; _builder_version=&#8221;4.14.9&#8243; _module_preset=&#8221;default&#8221; collapsed=&#8221;off&#8221; global_colors_info=&#8221;{}&#8221;][et_pb_column type=&#8221;4_4&#8243; _builder_version=&#8221;4.14.9&#8243; _module_preset=&#8221;default&#8221; global_colors_info=&#8221;{}&#8221;][et_pb_text admin_label=&#8221;Page Title&#8221; _builder_version=&#8221;4.14.9&#8243; _module_preset=&#8221;default&#8221; header_font=&#8221;|800|||||||&#8221; header_text_align=&#8221;center&#8221; header_font_size=&#8221;60px&#8221; header_line_height=&#8221;1.2em&#8221; text_orientation=&#8221;center&#8221; global_colors_info=&#8221;{}&#8221;]<\/p>\n<h1>Autoryzowany Doradca ASO<\/h1>\n<p>[\/et_pb_text][\/et_pb_column][\/et_pb_row][\/et_pb_section][et_pb_section fb_built=&#8221;1&#8243; admin_label=&#8221;Sekcja &#8211; Dyrektorzy&#8221; module_id=&#8221;section-business-leaders&#8221; module_class=&#8221;section-business-leaders&#8221; _builder_version=&#8221;4.14.9&#8243; _module_preset=&#8221;default&#8221; locked=&#8221;off&#8221; collapsed=&#8221;off&#8221; global_colors_info=&#8221;{}&#8221;][et_pb_row _builder_version=&#8221;4.14.9&#8243; _module_preset=&#8221;default&#8221; global_colors_info=&#8221;{}&#8221;][et_pb_column type=&#8221;4_4&#8243; _builder_version=&#8221;4.14.9&#8243; _module_preset=&#8221;default&#8221; global_colors_info=&#8221;{}&#8221;][et_pb_image src=&#8221;https:\/\/qsecurities.com\/pl\/wp-content\/uploads\/sites\/2\/2023\/08\/icon_4_uslugi.svg&#8221; title_text=&#8221;icon_4_uslugi&#8221; admin_label=&#8221;List Image&#8221; _builder_version=&#8221;4.14.9&#8243; _module_preset=&#8221;default&#8221; global_colors_info=&#8221;{}&#8221;][\/et_pb_image][et_pb_text admin_label=&#8221;List Heading&#8221; _builder_version=&#8221;4.14.9&#8243; _module_preset=&#8221;default&#8221; global_colors_info=&#8221;{}&#8221;]<\/p>\n<h3>Certyfikowani Doradcy<\/h3>\n<p>[\/et_pb_text][\/et_pb_column][\/et_pb_row][et_pb_row column_structure=&#8221;1_2,1_2&#8243; _builder_version=&#8221;4.14.9&#8243; _module_preset=&#8221;default&#8221; global_colors_info=&#8221;{}&#8221;][et_pb_column type=&#8221;1_2&#8243; _builder_version=&#8221;4.14.9&#8243; _module_preset=&#8221;default&#8221; global_colors_info=&#8221;{}&#8221;][et_pb_text _builder_version=&#8221;4.14.9&#8243; _module_preset=&#8221;default&#8221; text_font_size=&#8221;40px&#8221; text_line_height=&#8221;1em&#8221; background_color=&#8221;gcid-a9745845-3ce9-42fc-b31e-4a5067f440bd&#8221; text_orientation=&#8221;center&#8221; module_alignment=&#8221;center&#8221; custom_margin=&#8221;|||-7px|false|false&#8221; custom_padding=&#8221;|0px||0px||&#8221; border_radii=&#8221;on|20px|20px|20px|20px&#8221; global_colors_info=&#8221;{%22gcid-a9745845-3ce9-42fc-b31e-4a5067f440bd%22:%91%22background_color%22%93}&#8221;]<\/p>\n<p><strong><span style=\"color: #ffffff;\">Andrzej Przewo\u017anik<\/span><\/strong><\/p>\n<p>[\/et_pb_text][\/et_pb_column][et_pb_column type=&#8221;1_2&#8243; _builder_version=&#8221;4.14.9&#8243; _module_preset=&#8221;default&#8221; global_colors_info=&#8221;{}&#8221;][et_pb_text _builder_version=&#8221;4.14.9&#8243; _module_preset=&#8221;default&#8221; text_font_size=&#8221;40px&#8221; background_color=&#8221;gcid-a9745845-3ce9-42fc-b31e-4a5067f440bd&#8221; text_orientation=&#8221;center&#8221; width=&#8221;90.6%&#8221; custom_margin=&#8221;|||19px||&#8221; custom_padding=&#8221;|||18px||&#8221; border_radii=&#8221;on|20px|20px|20px|20px&#8221; global_colors_info=&#8221;{%22gcid-a9745845-3ce9-42fc-b31e-4a5067f440bd%22:%91%22background_color%22%93}&#8221;]<\/p>\n<p><strong><span style=\"color: #ffffff;\">Kami<\/span><\/strong><strong><span style=\"color: #ffffff;\">l <\/span><\/strong><strong><span style=\"color: #ffffff;\">Skutnik<\/span><\/strong><\/p>\n<p>[\/et_pb_text][\/et_pb_column][\/et_pb_row][\/et_pb_section][et_pb_section fb_built=&#8221;1&#8243; _builder_version=&#8221;4.14.9&#8243; _module_preset=&#8221;default&#8221; custom_margin=&#8221;||50px||false|false&#8221; custom_padding=&#8221;0px||0px||false|false&#8221; global_colors_info=&#8221;{}&#8221;][et_pb_row admin_label=&#8221;Row &#8211; List&#8221; _builder_version=&#8221;4.14.9&#8243; _module_preset=&#8221;default&#8221; global_colors_info=&#8221;{}&#8221;][et_pb_column type=&#8221;4_4&#8243; _builder_version=&#8221;4.14.9&#8243; _module_preset=&#8221;default&#8221; global_colors_info=&#8221;{}&#8221;][et_pb_image src=&#8221;https:\/\/qsecurities.com\/pl\/wp-content\/uploads\/sites\/2\/2023\/08\/icon_2_FO_w_szczegolach.svg&#8221; title_text=&#8221;icon_2_FO_w_szczegolach&#8221; admin_label=&#8221;List Image&#8221; _builder_version=&#8221;4.14.9&#8243; _module_preset=&#8221;default&#8221; global_colors_info=&#8221;{}&#8221;][\/et_pb_image][et_pb_text admin_label=&#8221;List Heading&#8221; _builder_version=&#8221;4.14.9&#8243; _module_preset=&#8221;default&#8221; global_colors_info=&#8221;{}&#8221;]<\/p>\n<h3>Data uzyskania wpisu na list\u0119 Autoryzowanych Doradc\u00f3w:<\/h3>\n<p>[\/et_pb_text][et_pb_text admin_label=&#8221;List&#8221; module_class=&#8221;bullets&#8211;arrows&#8221; _builder_version=&#8221;4.14.9&#8243; _module_preset=&#8221;default&#8221; global_colors_info=&#8221;{}&#8221;]<\/p>\n<p>26 lutego 2015 r.<\/p>\n<p>[\/et_pb_text][\/et_pb_column][\/et_pb_row][\/et_pb_section][et_pb_section fb_built=&#8221;1&#8243; module_class=&#8221;deco-circle deco-circle&#8211;purple deco-circle&#8211;float-right&#8221; _builder_version=&#8221;4.14.9&#8243; _module_preset=&#8221;default&#8221; custom_margin=&#8221;50px||50px||false|false&#8221; custom_padding=&#8221;0px||0px||false|false&#8221; global_colors_info=&#8221;{}&#8221;][et_pb_row admin_label=&#8221;Row &#8211; List&#8221; _builder_version=&#8221;4.14.9&#8243; _module_preset=&#8221;default&#8221; global_colors_info=&#8221;{}&#8221;][et_pb_column type=&#8221;4_4&#8243; _builder_version=&#8221;4.14.9&#8243; _module_preset=&#8221;default&#8221; global_colors_info=&#8221;{}&#8221;][et_pb_image src=&#8221;https:\/\/qsecurities.com\/pl\/wp-content\/uploads\/sites\/2\/2023\/08\/icon_1_FO.svg&#8221; title_text=&#8221;icon_1_FO&#8221; admin_label=&#8221;List Image&#8221; _builder_version=&#8221;4.14.9&#8243; _module_preset=&#8221;default&#8221; global_colors_info=&#8221;{}&#8221;][\/et_pb_image][et_pb_text admin_label=&#8221;List Heading&#8221; _builder_version=&#8221;4.14.9&#8243; _module_preset=&#8221;default&#8221; hover_enabled=&#8221;0&#8243; global_colors_info=&#8221;{}&#8221; sticky_enabled=&#8221;0&#8243;]<\/p>\n<h3><span>Sp\u00f3\u0142ki, z&nbsp;kt\u00f3rymi zawarli\u015bmy umowy \u015bwiadczenia us\u0142ug Autoryzowanego Doradcy:<\/span><\/h3>\n<p>[\/et_pb_text][et_pb_text admin_label=&#8221;List&#8221; _builder_version=&#8221;4.14.9&#8243; _module_preset=&#8221;default&#8221; global_colors_info=&#8221;{}&#8221;]<\/p>\n<p>OZE Rentier S.A. (us\u0142ugi z&nbsp;\u00a7 18 ust. 2 pkt 1-4 Regulaminu ASO)<\/p>\n<p>Storm Trident S.A. (us\u0142ugi z&nbsp;\u00a7 18 ust. 2 pkt 1-2 Regulaminu ASO)<\/p>\n<p>TA Publishing SA (us\u0142ugi z&nbsp;\u00a7 18 ust. 2 pkt 1-2 Regulaminu ASO)<\/p>\n<p>[\/et_pb_text][\/et_pb_column][\/et_pb_row][\/et_pb_section][et_pb_section fb_built=&#8221;1&#8243; _builder_version=&#8221;4.14.9&#8243; _module_preset=&#8221;default&#8221; custom_margin=&#8221;50px||70px||false|false&#8221; custom_padding=&#8221;0px||0px||false|false&#8221; global_colors_info=&#8221;{}&#8221;][et_pb_row admin_label=&#8221;Row &#8211; List&#8221; _builder_version=&#8221;4.14.9&#8243; _module_preset=&#8221;default&#8221; global_colors_info=&#8221;{}&#8221;][et_pb_column type=&#8221;4_4&#8243; _builder_version=&#8221;4.14.9&#8243; _module_preset=&#8221;default&#8221; global_colors_info=&#8221;{}&#8221;][et_pb_image src=&#8221;https:\/\/qsecurities.com\/pl\/wp-content\/uploads\/sites\/2\/2022\/06\/icon_1_co_nas_wyroznia.svg&#8221; title_text=&#8221;icon_1_co_nas_wyroznia&#8221; admin_label=&#8221;List Image&#8221; _builder_version=&#8221;4.14.9&#8243; _module_preset=&#8221;default&#8221; global_colors_info=&#8221;{}&#8221;][\/et_pb_image][et_pb_text admin_label=&#8221;List Heading&#8221; _builder_version=&#8221;4.14.9&#8243; _module_preset=&#8221;default&#8221; global_colors_info=&#8221;{}&#8221;]<\/p>\n<h3>Kontakt z&nbsp;Autoryzowanym Doradc\u0105:<\/h3>\n<p>[\/et_pb_text][et_pb_text admin_label=&#8221;List&#8221; _builder_version=&#8221;4.14.9&#8243; _module_preset=&#8221;default&#8221; global_colors_info=&#8221;{}&#8221;]<\/p>\n<p><a title=\"null\" href=\"mailto:autoryzowany@qsecurities.com\" target=\"_self\" rel=\"noopener noreferrer\">autoryzowany@qsecurities.com<\/a><\/p>\n<p>[\/et_pb_text][\/et_pb_column][\/et_pb_row][\/et_pb_section]<\/p>\n","protected":false},"excerpt":{"rendered":"<p>Autoryzowany Doradca ASOCertyfikowani DoradcyAndrzej Przewo\u017anikKamil SkutnikData uzyskania wpisu na list\u0119 Autoryzowanych Doradc\u00f3w:26 lutego 2015 r.Sp\u00f3\u0142ki, z kt\u00f3rymi zawarli\u015bmy umowy \u015bwiadczenia us\u0142ug Autoryzowanego Doradcy:OZE Rentier S.A. (us\u0142ugi z \u00a7 18 ust. 2 pkt 1-4 Regulaminu ASO) Storm Trident S.A. (us\u0142ugi z \u00a7 18 ust. 2 pkt 1-2 Regulaminu ASO) TA Publishing SA (us\u0142ugi z \u00a7 18 [&hellip;]<\/p>\n","protected":false},"author":1,"featured_media":0,"parent":0,"menu_order":0,"comment_status":"closed","ping_status":"closed","template":"","meta":{"_et_pb_use_builder":"on","_et_pb_old_content":"","_et_gb_content_width":"","inline_featured_image":false},"acf":[],"yoast_head":"<!-- This site is optimized with the Yoast SEO plugin v19.4 - https:\/\/yoast.com\/wordpress\/plugins\/seo\/ -->\n<title>Autoryzowany Doradca ASO - QSecurities PL<\/title>\n<meta name=\"description\" content=\"Poznaj Certyfikowanych Doradc\u00f3w i podmioty, dla kt\u00f3rych \u015bwiadczymy us\u0142ugi Autoryzowanego Doradcy. Kontakt: autoryzowany@qsecurities.com\" \/>\n<meta name=\"robots\" content=\"index, follow, max-snippet:-1, max-image-preview:large, max-video-preview:-1\" \/>\n<link rel=\"canonical\" href=\"https:\/\/qsecurities.com\/pl\/autoryzowany-doradca-aso\/\" \/>\n<meta property=\"og:locale\" content=\"pl_PL\" \/>\n<meta property=\"og:type\" content=\"article\" \/>\n<meta property=\"og:title\" content=\"Autoryzowany Doradca ASO - QSecurities PL\" \/>\n<meta property=\"og:description\" content=\"Poznaj Certyfikowanych Doradc\u00f3w i podmioty, dla kt\u00f3rych \u015bwiadczymy us\u0142ugi Autoryzowanego Doradcy. Kontakt: autoryzowany@qsecurities.com\" \/>\n<meta property=\"og:site_name\" content=\"QSecurities PL\" \/>\n<meta property=\"article:modified_time\" content=\"2026-01-19T09:49:20+00:00\" \/>\n<meta name=\"twitter:card\" content=\"summary_large_image\" \/>\n<meta name=\"twitter:label1\" content=\"Szacowany czas czytania\" \/>\n\t<meta name=\"twitter:data1\" content=\"2 minuty\" \/>\n<script type=\"application\/ld+json\" class=\"yoast-schema-graph\">{\"@context\":\"https:\/\/schema.org\",\"@graph\":[{\"@type\":\"WebSite\",\"@id\":\"https:\/\/qsecurities.com\/pl\/#website\",\"url\":\"https:\/\/qsecurities.com\/pl\/\",\"name\":\"QSecurities PL\",\"description\":\"Q Securities to m\u0142oda i dynamicznie rozwijaj\u0105ca si\u0119 instytucja finansowa. Jeste\u015bmy domem maklerskim, kt\u00f3rego kadra posiada wieloletnie do\u015bwiadczenie we wsp\u00f3\u0142pracy z polskimi i zagranicznymi instytucjami rynku kapita\u0142owego.\",\"potentialAction\":[{\"@type\":\"SearchAction\",\"target\":{\"@type\":\"EntryPoint\",\"urlTemplate\":\"https:\/\/qsecurities.com\/pl\/?s={search_term_string}\"},\"query-input\":\"required name=search_term_string\"}],\"inLanguage\":\"pl-PL\"},{\"@type\":\"WebPage\",\"@id\":\"https:\/\/qsecurities.com\/pl\/autoryzowany-doradca-aso\/\",\"url\":\"https:\/\/qsecurities.com\/pl\/autoryzowany-doradca-aso\/\",\"name\":\"Autoryzowany Doradca ASO - QSecurities PL\",\"isPartOf\":{\"@id\":\"https:\/\/qsecurities.com\/pl\/#website\"},\"datePublished\":\"2024-01-31T15:07:02+00:00\",\"dateModified\":\"2026-01-19T09:49:20+00:00\",\"description\":\"Poznaj Certyfikowanych Doradc\u00f3w i podmioty, dla kt\u00f3rych \u015bwiadczymy us\u0142ugi Autoryzowanego Doradcy. Kontakt: autoryzowany@qsecurities.com\",\"breadcrumb\":{\"@id\":\"https:\/\/qsecurities.com\/pl\/autoryzowany-doradca-aso\/#breadcrumb\"},\"inLanguage\":\"pl-PL\",\"potentialAction\":[{\"@type\":\"ReadAction\",\"target\":[\"https:\/\/qsecurities.com\/pl\/autoryzowany-doradca-aso\/\"]}]},{\"@type\":\"BreadcrumbList\",\"@id\":\"https:\/\/qsecurities.com\/pl\/autoryzowany-doradca-aso\/#breadcrumb\",\"itemListElement\":[{\"@type\":\"ListItem\",\"position\":1,\"name\":\"Home\",\"item\":\"https:\/\/qsecurities.com\/pl\/\"},{\"@type\":\"ListItem\",\"position\":2,\"name\":\"Autoryzowany Doradca ASO\"}]}]}<\/script>\n<!-- \/ Yoast SEO plugin. -->","yoast_head_json":{"title":"Autoryzowany Doradca ASO - QSecurities PL","description":"Poznaj Certyfikowanych Doradc\u00f3w i podmioty, dla kt\u00f3rych \u015bwiadczymy us\u0142ugi Autoryzowanego Doradcy. Kontakt: autoryzowany@qsecurities.com","robots":{"index":"index","follow":"follow","max-snippet":"max-snippet:-1","max-image-preview":"max-image-preview:large","max-video-preview":"max-video-preview:-1"},"canonical":"https:\/\/qsecurities.com\/pl\/autoryzowany-doradca-aso\/","og_locale":"pl_PL","og_type":"article","og_title":"Autoryzowany Doradca ASO - QSecurities PL","og_description":"Poznaj Certyfikowanych Doradc\u00f3w i podmioty, dla kt\u00f3rych \u015bwiadczymy us\u0142ugi Autoryzowanego Doradcy. Kontakt: autoryzowany@qsecurities.com","og_site_name":"QSecurities PL","article_modified_time":"2026-01-19T09:49:20+00:00","twitter_card":"summary_large_image","twitter_misc":{"Szacowany czas czytania":"2 minuty"},"schema":{"@context":"https:\/\/schema.org","@graph":[{"@type":"WebSite","@id":"https:\/\/qsecurities.com\/pl\/#website","url":"https:\/\/qsecurities.com\/pl\/","name":"QSecurities PL","description":"Q Securities to m\u0142oda i dynamicznie rozwijaj\u0105ca si\u0119 instytucja finansowa. Jeste\u015bmy domem maklerskim, kt\u00f3rego kadra posiada wieloletnie do\u015bwiadczenie we wsp\u00f3\u0142pracy z polskimi i zagranicznymi instytucjami rynku kapita\u0142owego.","potentialAction":[{"@type":"SearchAction","target":{"@type":"EntryPoint","urlTemplate":"https:\/\/qsecurities.com\/pl\/?s={search_term_string}"},"query-input":"required name=search_term_string"}],"inLanguage":"pl-PL"},{"@type":"WebPage","@id":"https:\/\/qsecurities.com\/pl\/autoryzowany-doradca-aso\/","url":"https:\/\/qsecurities.com\/pl\/autoryzowany-doradca-aso\/","name":"Autoryzowany Doradca ASO - QSecurities PL","isPartOf":{"@id":"https:\/\/qsecurities.com\/pl\/#website"},"datePublished":"2024-01-31T15:07:02+00:00","dateModified":"2026-01-19T09:49:20+00:00","description":"Poznaj Certyfikowanych Doradc\u00f3w i podmioty, dla kt\u00f3rych \u015bwiadczymy us\u0142ugi Autoryzowanego Doradcy. Kontakt: autoryzowany@qsecurities.com","breadcrumb":{"@id":"https:\/\/qsecurities.com\/pl\/autoryzowany-doradca-aso\/#breadcrumb"},"inLanguage":"pl-PL","potentialAction":[{"@type":"ReadAction","target":["https:\/\/qsecurities.com\/pl\/autoryzowany-doradca-aso\/"]}]},{"@type":"BreadcrumbList","@id":"https:\/\/qsecurities.com\/pl\/autoryzowany-doradca-aso\/#breadcrumb","itemListElement":[{"@type":"ListItem","position":1,"name":"Home","item":"https:\/\/qsecurities.com\/pl\/"},{"@type":"ListItem","position":2,"name":"Autoryzowany Doradca ASO"}]}]}},"_links":{"self":[{"href":"https:\/\/qsecurities.com\/pl\/wp-json\/wp\/v2\/pages\/9247"}],"collection":[{"href":"https:\/\/qsecurities.com\/pl\/wp-json\/wp\/v2\/pages"}],"about":[{"href":"https:\/\/qsecurities.com\/pl\/wp-json\/wp\/v2\/types\/page"}],"author":[{"embeddable":true,"href":"https:\/\/qsecurities.com\/pl\/wp-json\/wp\/v2\/users\/1"}],"replies":[{"embeddable":true,"href":"https:\/\/qsecurities.com\/pl\/wp-json\/wp\/v2\/comments?post=9247"}],"version-history":[{"count":29,"href":"https:\/\/qsecurities.com\/pl\/wp-json\/wp\/v2\/pages\/9247\/revisions"}],"predecessor-version":[{"id":9916,"href":"https:\/\/qsecurities.com\/pl\/wp-json\/wp\/v2\/pages\/9247\/revisions\/9916"}],"wp:attachment":[{"href":"https:\/\/qsecurities.com\/pl\/wp-json\/wp\/v2\/media?parent=9247"}],"curies":[{"name":"wp","href":"https:\/\/api.w.org\/{rel}","templated":true}]}}